{"id":10,"date":"2023-12-19T10:21:24","date_gmt":"2023-12-19T10:21:24","guid":{"rendered":"https:\/\/www.ahofmann.eu\/?page_id=10"},"modified":"2025-01-02T12:05:20","modified_gmt":"2025-01-02T12:05:20","slug":"publications","status":"publish","type":"page","link":"https:\/\/www.ahofmann.eu\/?page_id=10","title":{"rendered":"Publications"},"content":{"rendered":"\n<p><strong>Books<\/strong><\/p>\n\n\n\n<p>2013. <a href=\"https:\/\/www.researchgate.net\/publication\/281117846_Strategies_of_the_Repeat_Player_The_European_Commission_between_Courtroom_and_Legislature\" target=\"_blank\" rel=\"noreferrer noopener\">Strategies of the Repeat Player<em>.<\/em><\/a> The European Commission between Courtroom and Legislature. PhD thesis, University of Cologne.<\/p>\n\n\n\n<p><strong>Journal articles<\/strong><\/p>\n\n\n\n<p>2024. <a href=\"https:\/\/doi.org\/10.1080\/01402382.2023.2293376\" target=\"_blank\" rel=\"noreferrer noopener\">The legal mobilisation of EU market freedoms<\/a>: strategic action or random noise? <em>West European Politics<\/em> 48(2): 423\u2013448.<\/p>\n\n\n\n<p>2021. <a href=\"https:\/\/doi.org\/10.1111\/gove.12556\" target=\"_blank\" rel=\"noreferrer noopener\">Explaining interest group litigation in Europe<\/a>: Evidence from the comparative interest group survey (with Daniel Naurin). <em>Governance<\/em> 34(4): 1235-1253.<br>Data for replication is available at <a href=\"http:\/\/www.cigsurvey.eu\/data\" target=\"_blank\" rel=\"noreferrer noopener\">www.cigsurvey.eu\/data<\/a>.<br>The Stata .do file for replication is available <a href=\"https:\/\/github.com\/threeforshepp\/Interest_group_litigation\/blob\/main\/Hofmann_Naurin_Governance.do\" target=\"_blank\" rel=\"noreferrer noopener\">here<\/a>.\u00a0<\/p>\n\n\n\n<p>2021. <a rel=\"noreferrer noopener\" href=\"https:\/\/doi.org\/10.1080\/01402382.2020.1738095\" target=\"_blank\">The use of EU soft law by national courts and bureaucrats<\/a>: how relation to hard law and policy maturity matter (with Miriam Hartlapp). <em>West European Politics<\/em> 44(1): 134-154.<\/p>\n\n\n\n<p>2019. <a href=\"https:\/\/doi.org\/10.1080\/09644016.2019.1549778\" target=\"_blank\" rel=\"noreferrer noopener\">Left to Interest Groups?<\/a> On the Prospects for enforcing Environmental Law in the European Union. &nbsp;<em>Environmental Politics<\/em> 28(2): 342-364.<\/p>\n\n\n\n<p>2018. <a href=\"https:\/\/www.tandfonline.com\/doi\/full\/10.1080\/07036337.2018.1501368\" target=\"_blank\" rel=\"noreferrer noopener\">Is the Commission Levelling the Playing Field?<\/a> Rights Enforcement in the European Union. <em>Journal of European Integration<\/em> 40(6): 737-751.<\/p>\n\n\n\n<p>2018. <a href=\"https:\/\/doi.org\/10.1017\/S174455231800006X\" target=\"_blank\" rel=\"noreferrer noopener\">Resistance against the Court of Justice of the European Union<\/a>. <em>International Journal of Law in Context<\/em> 14(2): 258-274. <em>Also published as<\/em>:\u00a0<a href=\"https:\/\/doi.org\/10.2139\/ssrn.3138561\" target=\"_blank\" rel=\"noreferrer noopener\">iCourts Working Paper Series No. 121<\/a>.<\/p>\n\n\n\n<p>2018. <a href=\"https:\/\/rsw.beck.de\/zeitschriften\/ja\/editorial-gesamt\/2018\/08\/14\/editorial-ja-8-2018\" target=\"_blank\" rel=\"noreferrer noopener\">Hilfreich oder hinderlich? EU Soft Law in der nationalen Praxis.<\/a> Editorial (with Miriam Hartlapp). &nbsp;<em>Juristische Arbeitsbl\u00e4tter<\/em> 8\/2018.<\/p>\n\n\n\n<p>2018. <a href=\"https:\/\/www.bjutijdschriften.nl\/tijdschrift\/rechtderwerkelijkheid\/2018\/3\" target=\"_blank\" rel=\"noreferrer noopener\">Review of: J. Hoevenaars, A People\u2019s Court?<\/a> A bottom-up approach to litigation before the European Court of Justice.&nbsp;<em>Recht der Werkelijkheid<\/em> 39(3): 70-74.<\/p>\n\n\n\n<p>2017. <a href=\"http:\/\/dx.doi.org\/10.1080\/13501763.2017.1329846\" target=\"_blank\" rel=\"noreferrer noopener\">Mobilizing European law<\/a> (with Lisa Conant, Lisa Vanhala and Dagmar Soennecken). <em>Journal of European Public Policy<\/em> 25(9):\u00a01376-1389.<\/p>\n\n\n\n<p>2013. <a href=\"https:\/\/doi.org\/10.5771\/0044-3360-2013-2-220\" target=\"_blank\" rel=\"noreferrer noopener\">Tektonische Machtverschiebungen \u2013 die Krise als Ausl\u00f6ser und Verst\u00e4rker des institutionellen Wandels<\/a> (with Wolfgang Wessels). <em>Zeitschrift f\u00fcr Politik<\/em> 2013 (2): 220-241.<\/p>\n\n\n\n<p>2008. <a href=\"https:\/\/doi.org\/10.5771\/0720-5120-2008-1-3\" target=\"_blank\" rel=\"noreferrer noopener\">Der Vertrag von Lissabon: eine tragf\u00e4hige und abschlie\u00dfende Antwort auf konstitutionelle Grundfragen?\u00a0<\/a>(with Wolfgang Wessels). In: <em>integration<\/em> 01\/2008: 3-20. <a href=\"http:\/\/iep-berlin.de\/wp-content\/uploads\/2014\/10\/integration_08_01.pdf\" target=\"_blank\" rel=\"noreferrer noopener\">Full text<\/a>.<\/p>\n\n\n\n<p><strong>Chapters in edited volumes<\/strong><\/p>\n\n\n\n<p>2024. <a href=\"https:\/\/doi.org\/10.1017\/9781009373814.011\" target=\"_blank\" rel=\"noreferrer noopener\">The Role of National Courts in Redressing Fundamental Rights Violations by the EU<\/a>. In: Melanie Fink (ed.), Redressing Fundamental Rights Violations by the EU. The Promise of the \u2018Complete System of Remedies&#8217;. Cambridge University Press: 155-176.<\/p>\n\n\n\n<p>2021. <a href=\"https:\/\/doi.org\/10.4324\/9780429402333-22\" target=\"_blank\" rel=\"noreferrer noopener\">Making EU environmental policy more legitimate?<\/a>. In: Andrew Jordan, Viviane Gravey (eds.), Environmental Policy in the EU. Actors, Institutions and Processes. 4th ed. Routledge: 317-333.<\/p>\n\n\n\n<p>2021. <a href=\"http:\/\/www.doi.org\/10.5040\/9781509932061.ch-003\" target=\"_blank\" rel=\"noreferrer noopener\">Types of EU soft law and their national impact<\/a>. In: Mariolina Eliantonio, Emilia Korkea-aho and Oana Stefan (eds.),\u00a0EU Soft Law in the Member State.\u00a0Hart Publishing: 39-56.<\/p>\n\n\n\n<p>2021. <a href=\"http:\/\/www.doi.org\/10.5040\/9781509932061.ch-009\" target=\"_blank\" rel=\"noreferrer noopener\">Soft Law in Germany: Still Opposing Dynamics in Status and Effect<\/a> (with Miriam Hartlapp and Matthias Knauff). In: Mariolina Eliantonio, Emilia Korkea-aho and Oana Stefan (eds.),\u00a0EU Soft Law in the Member State.\u00a0Hart Publishing: 151-168.<\/p>\n\n\n\n<p>2019.\u00a0<a href=\"https:\/\/doi.org\/10.4337\/9781788113205.00034\" target=\"_blank\" rel=\"noreferrer noopener\">Patrolling the boundaries of belonging? Courts, law and citizenship<\/a> (with\u00a0Lisa Conant, Dagmar Soennecken and Lisa Vanhala). In: \u00a0Susan M. Sterett and Lee D. Walker, (eds.)\u00a0<em>Research Handbook on Law and Courts<\/em>, Edward Elgar: 336\u2013350.<\/p>\n\n\n\n<p>2016. <a href=\"http:\/\/dx.doi.org\/10.1007\/978-3-658-03790-1_6\" target=\"_blank\" rel=\"noreferrer noopener\">W\u00e4chter des Nationalstaats oder F\u00f6derator wider Willen?<\/a> Der Einfluss des Europ\u00e4ischen Rats auf die Entwicklung der Staatlichkeit in Europa (with Wolfgang Wessels). In: Hans-J\u00fcrgen Bieling\/Martin Gro\u00dfe H\u00fcttmann (eds.), <em>Europ\u00e4ische Staatlichkeit: Zwischen Krise und Integration<\/em>, SpringerVS: 113-131.<\/p>\n\n\n\n<p><strong>Handbook articles<\/strong><\/p>\n\n\n\n<p>2022. <a href=\"https:\/\/doi.org\/10.1007\/978-3-658-24456-9_46-3\" target=\"_blank\" rel=\"noreferrer noopener\">Europ\u00e4ische Kommission<\/a> \/\u00a0<a href=\"https:\/\/doi.org\/10.1007\/978-3-658-24456-9_78-2\" target=\"_blank\" rel=\"noreferrer noopener\">Integrationstheorien<\/a>. In: Werner Weidenfeld, Wolfgang Wessels and Funda Tekin (ed.), <em>Europa von A-Z.\u00a0Taschenbuch\u00a0der europ\u00e4ischen Integration<\/em>, SpringerVS.<\/p>\n\n\n\n<p>2017. <a href=\"https:\/\/doi.org\/10.4324\/9781315682723-28\" target=\"_blank\" rel=\"noreferrer noopener\">Lobbying and Interest Group Politics in the European Union<\/a>. In N. Zahariadis and L. Buonanno (eds.), <em>The Routlegde Handbook of European Public Policy<\/em>, Routledge: 279-287.<\/p>\n\n\n\n<p><strong>Other work<\/strong><\/p>\n\n\n\n<p>2018. <a href=\"https:\/\/skr.se\/skr\/tjanster\/rapporterochskrifter\/publikationer\/euilokalpolitiken2018.82081.html\" target=\"_blank\" rel=\"noreferrer noopener\">EU i lokalpolitiken<\/a> (with\u00a0Karin Flordal, Kristin Ivarsson Lantz, Linda Nyberg). Stockholm:\u00a0Sveriges Kommuner och Landsting.<\/p>\n\n\n\n<p><strong>Jahrbuch der Europ\u00e4ischen Integration<\/strong><\/p>\n\n\n\n<p>2024. <a href=\"http:\/\/doi.org\/10.5771\/9783748940845-111\" target=\"_blank\" rel=\"noreferrer noopener\">Europ\u00e4ische Kommission<\/a>. In: Werner Weidenfeld and Wolfgang Wessels (ed.), <em>Jahrbuch der Europ\u00e4ischen Integration 202<\/em>4, Nomos: 111-118.<\/p>\n\n\n\n<p>2023. <a href=\"http:\/\/doi.org\/10.5771\/9783748939405-101\" target=\"_blank\" rel=\"noreferrer noopener\">Europ\u00e4ische Kommission<\/a>. In: Werner Weidenfeld and Wolfgang Wessels (ed.), <em>Jahrbuch der Europ\u00e4ischen Integration 202<\/em>3, Nomos: 101-108.<\/p>\n\n\n\n<p>2022. <a href=\"http:\/\/doi.org\/10.5771\/9783748929338-103\" target=\"_blank\" rel=\"noreferrer noopener\">Europ\u00e4ische Kommission<\/a>. In: Werner Weidenfeld and Wolfgang Wessels (ed.), <em>Jahrbuch der Europ\u00e4ischen Integration 202<\/em>2, Nomos: 103-110.<\/p>\n\n\n\n<p>2021. <a href=\"http:\/\/doi.org\/10.5771\/9783748912668-99\" target=\"_blank\" rel=\"noreferrer noopener\">Europ\u00e4ische Kommission<\/a>. In: Werner Weidenfeld and Wolfgang Wessels (ed.), <em>Jahrbuch der Europ\u00e4ischen Integration 202<\/em>1, Nomos: 99-106.<\/p>\n\n\n\n<p>2020. <a href=\"https:\/\/doi.org\/10.5771\/9783748908432-107\" target=\"_blank\" rel=\"noreferrer noopener\">Europ\u00e4ische Kommission<\/a>. In: Werner Weidenfeld and Wolfgang Wessels (ed.), <em>Jahrbuch der Europ\u00e4ischen Integration 2020<\/em>, Nomos: 107-114.<\/p>\n\n\n\n<p>2019. <a href=\"https:\/\/doi.org\/10.5771\/9783845299495-109\" target=\"_blank\" rel=\"noreferrer noopener\">Europ\u00e4ische Kommission<\/a>. In: Werner Weidenfeld and Wolfgang Wessels (ed.), <em>Jahrbuch der Europ\u00e4ischen Integration 2019<\/em>, Nomos: 109-116.<\/p>\n\n\n\n<p>2018. <a href=\"https:\/\/doi.org\/10.5771\/9783845291031-93\" target=\"_blank\" rel=\"noreferrer noopener\">Europ\u00e4ische Kommission<\/a>. In: Werner Weidenfeld and Wolfgang Wessels (ed.), <em>Jahrbuch der Europ\u00e4ischen Integration 2018<\/em>, Nomos: 93-100.<\/p>\n\n\n\n<p>2017. <a href=\"https:\/\/doi.org\/10.5771\/9783845284897-118\" target=\"_blank\" rel=\"noreferrer noopener\">Europ\u00e4ische Kommission<\/a>. In: Werner Weidenfeld and Wolfgang Wessels (ed.), <em>Jahrbuch der Europ\u00e4ischen Integration 2017<\/em>, Nomos: 103-110.<\/p>\n\n\n\n<p>2016. <a href=\"https:\/\/doi.org\/10.5771\/9783845275642-102\" target=\"_blank\" rel=\"noreferrer noopener\">Europ\u00e4ische Kommission<\/a>. In: Werner Weidenfeld and Wolfgang Wessels (ed.), <em>Jahrbuch der Europ\u00e4ischen Integration 2016<\/em>, Nomos: 103-110.<\/p>\n\n\n\n<p>2015. <a href=\"https:\/\/doi.org\/10.5771\/9783845268163-96\" target=\"_blank\" rel=\"noreferrer noopener\">Europ\u00e4ische Kommission<\/a>. In: Werner Weidenfeld and Wolfgang Wessels (ed.), <em>Jahrbuch der Europ\u00e4ischen Integration 2015<\/em>, Nomos: 95-102.<\/p>\n\n\n\n<p>2014. <a href=\"https:\/\/doi.org\/10.5771\/9783845260549_109\" target=\"_blank\" rel=\"noreferrer noopener\">Europ\u00e4ische Kommission<\/a>. In: Werner Weidenfeld and Wolfgang Wessels (ed.), <em>Jahrbuch der Europ\u00e4ischen Integration 2014<\/em>, Nomos: 109-116.<\/p>\n\n\n\n<p>2013. <a href=\"https:\/\/doi.org\/10.5771\/9783845248066-91\" target=\"_blank\" rel=\"noreferrer noopener\">Europ\u00e4ische Kommission<\/a>. In: Werner Weidenfeld and Wolfgang Wessels (ed.), <em>Jahrbuch der Europ\u00e4ischen Integration 2013<\/em>, Nomos: 91-98.<\/p>\n","protected":false},"excerpt":{"rendered":"<p>Books 2013. Strategies of the Repeat Player. The European Commission between Courtroom and Legislature. PhD thesis, University of Cologne. Journal articles 2024. The legal mobilisation of EU market freedoms: strategic action or random noise? West European Politics 48(2): 423\u2013448. 2021. Explaining interest group litigation in Europe: Evidence from the comparative interest group survey (with Daniel [&hellip;]<\/p>\n","protected":false},"author":1,"featured_media":0,"parent":0,"menu_order":0,"comment_status":"closed","ping_status":"closed","template":"","meta":{"_monsterinsights_skip_tracking":false,"_monsterinsights_sitenote_active":false,"_monsterinsights_sitenote_note":"","_monsterinsights_sitenote_category":0,"footnotes":""},"yoast_head":"<!-- This site is optimized with the Yoast SEO plugin v21.8 - https:\/\/yoast.com\/wordpress\/plugins\/seo\/ -->\n<title>Publications - Andreas Hofmann<\/title>\n<meta name=\"robots\" content=\"index, follow, max-snippet:-1, max-image-preview:large, max-video-preview:-1\" \/>\n<link rel=\"canonical\" href=\"https:\/\/www.ahofmann.eu\/?page_id=10\" \/>\n<meta property=\"og:locale\" content=\"en_US\" \/>\n<meta property=\"og:type\" content=\"article\" \/>\n<meta property=\"og:title\" content=\"Publications - Andreas Hofmann\" \/>\n<meta property=\"og:description\" content=\"Books 2013. Strategies of the Repeat Player. The European Commission between Courtroom and Legislature. PhD thesis, University of Cologne. Journal articles 2024. The legal mobilisation of EU market freedoms: strategic action or random noise? West European Politics 48(2): 423\u2013448. 2021. Explaining interest group litigation in Europe: Evidence from the comparative interest group survey (with Daniel [&hellip;]\" \/>\n<meta property=\"og:url\" content=\"https:\/\/www.ahofmann.eu\/?page_id=10\" \/>\n<meta property=\"og:site_name\" content=\"Andreas Hofmann\" \/>\n<meta property=\"article:modified_time\" content=\"2025-01-02T12:05:20+00:00\" \/>\n<meta name=\"twitter:card\" content=\"summary_large_image\" \/>\n<meta name=\"twitter:label1\" content=\"Est. reading time\" \/>\n\t<meta name=\"twitter:data1\" content=\"4 minutes\" \/>\n<script type=\"application\/ld+json\" class=\"yoast-schema-graph\">{\"@context\":\"https:\/\/schema.org\",\"@graph\":[{\"@type\":\"WebPage\",\"@id\":\"https:\/\/www.ahofmann.eu\/?page_id=10\",\"url\":\"https:\/\/www.ahofmann.eu\/?page_id=10\",\"name\":\"Publications - Andreas Hofmann\",\"isPartOf\":{\"@id\":\"https:\/\/www.ahofmann.eu\/#website\"},\"datePublished\":\"2023-12-19T10:21:24+00:00\",\"dateModified\":\"2025-01-02T12:05:20+00:00\",\"breadcrumb\":{\"@id\":\"https:\/\/www.ahofmann.eu\/?page_id=10#breadcrumb\"},\"inLanguage\":\"en-US\",\"potentialAction\":[{\"@type\":\"ReadAction\",\"target\":[\"https:\/\/www.ahofmann.eu\/?page_id=10\"]}]},{\"@type\":\"BreadcrumbList\",\"@id\":\"https:\/\/www.ahofmann.eu\/?page_id=10#breadcrumb\",\"itemListElement\":[{\"@type\":\"ListItem\",\"position\":1,\"name\":\"Home\",\"item\":\"https:\/\/www.ahofmann.eu\/\"},{\"@type\":\"ListItem\",\"position\":2,\"name\":\"Publications\"}]},{\"@type\":\"WebSite\",\"@id\":\"https:\/\/www.ahofmann.eu\/#website\",\"url\":\"https:\/\/www.ahofmann.eu\/\",\"name\":\"Andreas Hofmann\",\"description\":\"mail@ahofmann.eu\",\"potentialAction\":[{\"@type\":\"SearchAction\",\"target\":{\"@type\":\"EntryPoint\",\"urlTemplate\":\"https:\/\/www.ahofmann.eu\/?s={search_term_string}\"},\"query-input\":\"required name=search_term_string\"}],\"inLanguage\":\"en-US\"}]}<\/script>\n<!-- \/ Yoast SEO plugin. -->","yoast_head_json":{"title":"Publications - Andreas Hofmann","robots":{"index":"index","follow":"follow","max-snippet":"max-snippet:-1","max-image-preview":"max-image-preview:large","max-video-preview":"max-video-preview:-1"},"canonical":"https:\/\/www.ahofmann.eu\/?page_id=10","og_locale":"en_US","og_type":"article","og_title":"Publications - Andreas Hofmann","og_description":"Books 2013. Strategies of the Repeat Player. The European Commission between Courtroom and Legislature. PhD thesis, University of Cologne. Journal articles 2024. The legal mobilisation of EU market freedoms: strategic action or random noise? West European Politics 48(2): 423\u2013448. 2021. Explaining interest group litigation in Europe: Evidence from the comparative interest group survey (with Daniel [&hellip;]","og_url":"https:\/\/www.ahofmann.eu\/?page_id=10","og_site_name":"Andreas Hofmann","article_modified_time":"2025-01-02T12:05:20+00:00","twitter_card":"summary_large_image","twitter_misc":{"Est. reading time":"4 minutes"},"schema":{"@context":"https:\/\/schema.org","@graph":[{"@type":"WebPage","@id":"https:\/\/www.ahofmann.eu\/?page_id=10","url":"https:\/\/www.ahofmann.eu\/?page_id=10","name":"Publications - Andreas Hofmann","isPartOf":{"@id":"https:\/\/www.ahofmann.eu\/#website"},"datePublished":"2023-12-19T10:21:24+00:00","dateModified":"2025-01-02T12:05:20+00:00","breadcrumb":{"@id":"https:\/\/www.ahofmann.eu\/?page_id=10#breadcrumb"},"inLanguage":"en-US","potentialAction":[{"@type":"ReadAction","target":["https:\/\/www.ahofmann.eu\/?page_id=10"]}]},{"@type":"BreadcrumbList","@id":"https:\/\/www.ahofmann.eu\/?page_id=10#breadcrumb","itemListElement":[{"@type":"ListItem","position":1,"name":"Home","item":"https:\/\/www.ahofmann.eu\/"},{"@type":"ListItem","position":2,"name":"Publications"}]},{"@type":"WebSite","@id":"https:\/\/www.ahofmann.eu\/#website","url":"https:\/\/www.ahofmann.eu\/","name":"Andreas Hofmann","description":"mail@ahofmann.eu","potentialAction":[{"@type":"SearchAction","target":{"@type":"EntryPoint","urlTemplate":"https:\/\/www.ahofmann.eu\/?s={search_term_string}"},"query-input":"required name=search_term_string"}],"inLanguage":"en-US"}]}},"_links":{"self":[{"href":"https:\/\/www.ahofmann.eu\/index.php?rest_route=\/wp\/v2\/pages\/10"}],"collection":[{"href":"https:\/\/www.ahofmann.eu\/index.php?rest_route=\/wp\/v2\/pages"}],"about":[{"href":"https:\/\/www.ahofmann.eu\/index.php?rest_route=\/wp\/v2\/types\/page"}],"author":[{"embeddable":true,"href":"https:\/\/www.ahofmann.eu\/index.php?rest_route=\/wp\/v2\/users\/1"}],"replies":[{"embeddable":true,"href":"https:\/\/www.ahofmann.eu\/index.php?rest_route=%2Fwp%2Fv2%2Fcomments&post=10"}],"version-history":[{"count":5,"href":"https:\/\/www.ahofmann.eu\/index.php?rest_route=\/wp\/v2\/pages\/10\/revisions"}],"predecessor-version":[{"id":45,"href":"https:\/\/www.ahofmann.eu\/index.php?rest_route=\/wp\/v2\/pages\/10\/revisions\/45"}],"wp:attachment":[{"href":"https:\/\/www.ahofmann.eu\/index.php?rest_route=%2Fwp%2Fv2%2Fmedia&parent=10"}],"curies":[{"name":"wp","href":"https:\/\/api.w.org\/{rel}","templated":true}]}}